{"id":14907,"date":"2023-04-04T16:16:33","date_gmt":"2023-04-04T14:16:33","guid":{"rendered":"https:\/\/hospitals.be\/?page_id=14907"},"modified":"2025-12-17T17:07:03","modified_gmt":"2025-12-17T16:07:03","slug":"protection-des-donnees","status":"publish","type":"page","link":"https:\/\/hospitals.be\/nl\/protection-des-donnees\/","title":{"rendered":"Gegevensbescherming"},"content":{"rendered":"<div data-elementor-type=\"wp-page\" data-elementor-id=\"14907\" class=\"elementor elementor-14907\" data-elementor-post-type=\"page\">\n\t\t\t\t<div class=\"elementor-element elementor-element-335d25a e-con-full e-flex e-con e-parent\" data-id=\"335d25a\" data-element_type=\"container\" data-e-type=\"container\" data-settings=\"{&quot;background_background&quot;:&quot;classic&quot;}\">\n\t\t<div class=\"elementor-element elementor-element-f621cbb e-flex e-con-boxed e-con e-child\" data-id=\"f621cbb\" data-element_type=\"container\" data-e-type=\"container\" data-settings=\"{&quot;background_background&quot;:&quot;classic&quot;}\">\n\t\t\t\t\t<div class=\"e-con-inner\">\n\t\t<div class=\"elementor-element elementor-element-7964d57 e-con-full e-flex e-con e-child\" data-id=\"7964d57\" data-element_type=\"container\" data-e-type=\"container\">\n\t\t<div class=\"elementor-element elementor-element-4fb8178 e-con-full e-flex e-con e-child\" data-id=\"4fb8178\" data-element_type=\"container\" data-e-type=\"container\">\n\t\t\t\t<div class=\"elementor-element elementor-element-8dc0ad7 elementor-widget elementor-widget-heading\" data-id=\"8dc0ad7\" data-element_type=\"widget\" data-e-type=\"widget\" data-widget_type=\"heading.default\">\n\t\t\t\t<div class=\"elementor-widget-container\">\n\t\t\t\t\t<h1 class=\"elementor-heading-title elementor-size-default\">Gegevensbescherming<\/h1>\t\t\t\t<\/div>\n\t\t\t\t<\/div>\n\t\t\t\t<div class=\"elementor-element elementor-element-e22d88b elementor-widget elementor-widget-text-editor\" data-id=\"e22d88b\" data-element_type=\"widget\" data-e-type=\"widget\" data-widget_type=\"text-editor.default\">\n\t\t\t\t<div class=\"elementor-widget-container\">\n\t\t\t\t\t\t\t\t\t<p>This site is protected by reCAPTCHA and the Google <a href=\"https:\/\/policies.google.com\/privacy\" target=\"_blank\" rel=\"noopener\">Privacy Policy<\/a> and <a href=\"https:\/\/policies.google.com\/terms\" target=\"_blank\" rel=\"noopener\">Gebruiksvoorwaarden<\/a> apply.<\/p>\t\t\t\t\t\t\t\t<\/div>\n\t\t\t\t<\/div>\n\t\t\t\t<div class=\"elementor-element elementor-element-fbdabb2 elementor-widget elementor-widget-heading\" data-id=\"fbdabb2\" data-element_type=\"widget\" data-e-type=\"widget\" data-widget_type=\"heading.default\">\n\t\t\t\t<div class=\"elementor-widget-container\">\n\t\t\t\t\t<h2 class=\"elementor-heading-title elementor-size-default\">\n    <p>Hospitals.be stocke des cookies pendant une dur\u00e9e limit\u00e9e afin d'am\u00e9liorer l'utilisation du site et le d\u00e9veloppement de l'assocation.<\/p>\n    <p>Ces cookies concernent notamment la mise en cache de mise en page, des donn\u00e9es Google Analytics anonymes<\/p>\n    <p>\n    <a href=\"https:\/\/allaboutcookies.org\/\" class=\"article_inside_link\">All About Cookies.org<\/a><\/p>\n\n   <h3> Gestion des cookies par navigateurs :<\/h3>\n\n<p>\n<a href=\"http:\/\/docs.info.apple.com\/article.html?path=Safari\/3.0\/fr\/9277.html\" class=\"article_inside_link\">Apple Safari<\/a><br>\n<a href=\"http:\/\/support.google.com\/chrome\/bin\/answer.py?hl=fr&amp;hlrm=en&amp;answer=95647\" class=\"article_inside_link\">Google Chrome<\/a><br>\n<a href=\"https:\/\/privacy.microsoft.com\/fr-fr\/windows-10-microsoft-edge-and-privacy\" class=\"article_inside_link\">Microsoft Edge<\/a><br>\n<a href=\"http:\/\/windows.microsoft.com\/fr-FR\/windows-vista\/Block-or-allow-cookies\" class=\"article_inside_link\">Microsoft Internet Explorer<\/a><br>\n<a href=\"https:\/\/support.mozilla.org\/fr\/kb\/activer-desactiver-cookies-preferences\" class=\"article_inside_link\">Mozilla Firefox<\/a><br>\n<a href=\"http:\/\/help.opera.com\/Windows\/10.20\/fr\/cookies.html\" class=\"article_inside_link\">Opera<\/a><br>\n  <\/p><\/h2>\t\t\t\t<\/div>\n\t\t\t\t<\/div>\n\t\t\t\t<\/div>\n\t\t\t\t<\/div>\n\t\t\t\t\t<\/div>\n\t\t\t\t<\/div>\n\t\t\t\t<\/div>\n\t\t\t\t<\/div>","protected":false},"excerpt":{"rendered":"<p>Protection des donn\u00e9es This site is protected by reCAPTCHA and the Google Privacy Policy and Terms of Service apply. Hospitals.be stocke des cookies pendant une dur\u00e9e limit\u00e9e afin d&rsquo;am\u00e9liorer l&rsquo;utilisation du site et le d\u00e9veloppement de l&rsquo;assocation. Ces cookies concernent notamment la mise en cache de mise en page, des donn\u00e9es Google Analytics anonymes All [&hellip;]<\/p>\n","protected":false},"author":6,"featured_media":0,"parent":0,"menu_order":0,"comment_status":"closed","ping_status":"closed","template":"elementor_header_footer","meta":{"_acf_changed":false,"footnotes":""},"class_list":["post-14907","page","type-page","status-publish","hentry"],"acf":[],"yoast_head":"<!-- This site is optimized with the Yoast SEO plugin v27.3 - https:\/\/yoast.com\/product\/yoast-seo-wordpress\/ -->\n<title>Protection des donn\u00e9es - Hospitals.be<\/title>\n<meta name=\"robots\" content=\"noindex, follow\" \/>\n<meta property=\"og:locale\" content=\"nl_BE\" \/>\n<meta property=\"og:type\" content=\"article\" \/>\n<meta property=\"og:title\" content=\"Protection des donn\u00e9es - Hospitals.be\" \/>\n<meta property=\"og:description\" content=\"Protection des donn\u00e9es This site is protected by reCAPTCHA and the Google Privacy Policy and Terms of Service apply. Hospitals.be stocke des cookies pendant une dur\u00e9e limit\u00e9e afin d&rsquo;am\u00e9liorer l&rsquo;utilisation du site et le d\u00e9veloppement de l&rsquo;assocation. Ces cookies concernent notamment la mise en cache de mise en page, des donn\u00e9es Google Analytics anonymes All [&hellip;]\" \/>\n<meta property=\"og:url\" content=\"https:\/\/hospitals.be\/nl\/protection-des-donnees\/\" \/>\n<meta property=\"og:site_name\" content=\"Hospitals.be\" \/>\n<meta property=\"article:publisher\" content=\"https:\/\/www.facebook.com\/abhbvz\/\" \/>\n<meta property=\"article:modified_time\" content=\"2025-12-17T16:07:03+00:00\" \/>\n<meta name=\"twitter:card\" content=\"summary_large_image\" \/>\n<meta name=\"twitter:site\" content=\"@abh_bvz\" \/>\n<meta name=\"twitter:label1\" content=\"Geschatte leestijd\" \/>\n\t<meta name=\"twitter:data1\" content=\"1 minuut\" \/>\n<script type=\"application\/ld+json\" class=\"yoast-schema-graph\">{\"@context\":\"https:\\\/\\\/schema.org\",\"@graph\":[{\"@type\":\"WebPage\",\"@id\":\"https:\\\/\\\/hospitals.be\\\/protection-des-donnees\\\/\",\"url\":\"https:\\\/\\\/hospitals.be\\\/protection-des-donnees\\\/\",\"name\":\"Protection des donn\u00e9es - Hospitals.be\",\"isPartOf\":{\"@id\":\"https:\\\/\\\/hospitals.be\\\/nl\\\/#website\"},\"datePublished\":\"2023-04-04T14:16:33+00:00\",\"dateModified\":\"2025-12-17T16:07:03+00:00\",\"breadcrumb\":{\"@id\":\"https:\\\/\\\/hospitals.be\\\/protection-des-donnees\\\/#breadcrumb\"},\"inLanguage\":\"nl-BE\",\"potentialAction\":[{\"@type\":\"ReadAction\",\"target\":[\"https:\\\/\\\/hospitals.be\\\/protection-des-donnees\\\/\"]}]},{\"@type\":\"BreadcrumbList\",\"@id\":\"https:\\\/\\\/hospitals.be\\\/protection-des-donnees\\\/#breadcrumb\",\"itemListElement\":[{\"@type\":\"ListItem\",\"position\":1,\"name\":\"Accueil\",\"item\":\"https:\\\/\\\/hospitals.be\\\/fr\\\/\"},{\"@type\":\"ListItem\",\"position\":2,\"name\":\"Protection des donn\u00e9es\"}]},{\"@type\":\"WebSite\",\"@id\":\"https:\\\/\\\/hospitals.be\\\/nl\\\/#website\",\"url\":\"https:\\\/\\\/hospitals.be\\\/nl\\\/\",\"name\":\"Hospitals.be\",\"description\":\"Association Belge des H\u00f4pitaux - Belgische Vereniging der Ziekenhuizen\",\"publisher\":{\"@id\":\"https:\\\/\\\/hospitals.be\\\/nl\\\/#organization\"},\"alternateName\":\"Association Belge des H\u00f4pitaux - Belgische Vereniging van Ziekenhuizen\",\"potentialAction\":[{\"@type\":\"SearchAction\",\"target\":{\"@type\":\"EntryPoint\",\"urlTemplate\":\"https:\\\/\\\/hospitals.be\\\/nl\\\/?s={search_term_string}\"},\"query-input\":{\"@type\":\"PropertyValueSpecification\",\"valueRequired\":true,\"valueName\":\"search_term_string\"}}],\"inLanguage\":\"nl-BE\"},{\"@type\":\"Organization\",\"@id\":\"https:\\\/\\\/hospitals.be\\\/nl\\\/#organization\",\"name\":\"Association Belge des H\u00f4pitaux\",\"alternateName\":\"Belgische Vereniging der Ziekenhuizen\",\"url\":\"https:\\\/\\\/hospitals.be\\\/nl\\\/\",\"logo\":{\"@type\":\"ImageObject\",\"inLanguage\":\"nl-BE\",\"@id\":\"https:\\\/\\\/hospitals.be\\\/nl\\\/#\\\/schema\\\/logo\\\/image\\\/\",\"url\":\"https:\\\/\\\/i0.wp.com\\\/hospitals.be\\\/wp-content\\\/uploads\\\/2025\\\/11\\\/Logo_Hospitals.BE_-e1763047583225.png?fit=1358%2C252&ssl=1\",\"contentUrl\":\"https:\\\/\\\/i0.wp.com\\\/hospitals.be\\\/wp-content\\\/uploads\\\/2025\\\/11\\\/Logo_Hospitals.BE_-e1763047583225.png?fit=1358%2C252&ssl=1\",\"width\":1358,\"height\":252,\"caption\":\"Association Belge des H\u00f4pitaux\"},\"image\":{\"@id\":\"https:\\\/\\\/hospitals.be\\\/nl\\\/#\\\/schema\\\/logo\\\/image\\\/\"},\"sameAs\":[\"https:\\\/\\\/www.facebook.com\\\/abhbvz\\\/\",\"https:\\\/\\\/x.com\\\/abh_bvz\",\"https:\\\/\\\/www.linkedin.com\\\/company\\\/hospitals-be\\\/\"]}]}<\/script>\n<!-- \/ Yoast SEO plugin. -->","yoast_head_json":{"title":"Protection des donn\u00e9es - Hospitals.be","robots":{"index":"noindex","follow":"follow"},"og_locale":"nl_BE","og_type":"article","og_title":"Protection des donn\u00e9es - Hospitals.be","og_description":"Protection des donn\u00e9es This site is protected by reCAPTCHA and the Google Privacy Policy and Terms of Service apply. Hospitals.be stocke des cookies pendant une dur\u00e9e limit\u00e9e afin d&rsquo;am\u00e9liorer l&rsquo;utilisation du site et le d\u00e9veloppement de l&rsquo;assocation. Ces cookies concernent notamment la mise en cache de mise en page, des donn\u00e9es Google Analytics anonymes All [&hellip;]","og_url":"https:\/\/hospitals.be\/nl\/protection-des-donnees\/","og_site_name":"Hospitals.be","article_publisher":"https:\/\/www.facebook.com\/abhbvz\/","article_modified_time":"2025-12-17T16:07:03+00:00","twitter_card":"summary_large_image","twitter_site":"@abh_bvz","twitter_misc":{"Geschatte leestijd":"1 minuut"},"schema":{"@context":"https:\/\/schema.org","@graph":[{"@type":"WebPage","@id":"https:\/\/hospitals.be\/protection-des-donnees\/","url":"https:\/\/hospitals.be\/protection-des-donnees\/","name":"Protection des donn\u00e9es - Hospitals.be","isPartOf":{"@id":"https:\/\/hospitals.be\/nl\/#website"},"datePublished":"2023-04-04T14:16:33+00:00","dateModified":"2025-12-17T16:07:03+00:00","breadcrumb":{"@id":"https:\/\/hospitals.be\/protection-des-donnees\/#breadcrumb"},"inLanguage":"nl-BE","potentialAction":[{"@type":"ReadAction","target":["https:\/\/hospitals.be\/protection-des-donnees\/"]}]},{"@type":"BreadcrumbList","@id":"https:\/\/hospitals.be\/protection-des-donnees\/#breadcrumb","itemListElement":[{"@type":"ListItem","position":1,"name":"Accueil","item":"https:\/\/hospitals.be\/fr\/"},{"@type":"ListItem","position":2,"name":"Protection des donn\u00e9es"}]},{"@type":"WebSite","@id":"https:\/\/hospitals.be\/nl\/#website","url":"https:\/\/hospitals.be\/nl\/","name":"Hospitals.be","description":"Association Belge des H\u00f4pitaux - Belgische Vereniging der Ziekenhuizen","publisher":{"@id":"https:\/\/hospitals.be\/nl\/#organization"},"alternateName":"Association Belge des H\u00f4pitaux - Belgische Vereniging van Ziekenhuizen","potentialAction":[{"@type":"SearchAction","target":{"@type":"EntryPoint","urlTemplate":"https:\/\/hospitals.be\/nl\/?s={search_term_string}"},"query-input":{"@type":"PropertyValueSpecification","valueRequired":true,"valueName":"search_term_string"}}],"inLanguage":"nl-BE"},{"@type":"Organization","@id":"https:\/\/hospitals.be\/nl\/#organization","name":"Belgische Vereniging van Ziekenhuizen","alternateName":"Belgische Vereniging der Ziekenhuizen","url":"https:\/\/hospitals.be\/nl\/","logo":{"@type":"ImageObject","inLanguage":"nl-BE","@id":"https:\/\/hospitals.be\/nl\/#\/schema\/logo\/image\/","url":"https:\/\/i0.wp.com\/hospitals.be\/wp-content\/uploads\/2025\/11\/Logo_Hospitals.BE_-e1763047583225.png?fit=1358%2C252&ssl=1","contentUrl":"https:\/\/i0.wp.com\/hospitals.be\/wp-content\/uploads\/2025\/11\/Logo_Hospitals.BE_-e1763047583225.png?fit=1358%2C252&ssl=1","width":1358,"height":252,"caption":"Association Belge des H\u00f4pitaux"},"image":{"@id":"https:\/\/hospitals.be\/nl\/#\/schema\/logo\/image\/"},"sameAs":["https:\/\/www.facebook.com\/abhbvz\/","https:\/\/x.com\/abh_bvz","https:\/\/www.linkedin.com\/company\/hospitals-be\/"]}]}},"jetpack_shortlink":"https:\/\/wp.me\/P9H0zq-3Sr","jetpack_sharing_enabled":true,"_links":{"self":[{"href":"https:\/\/hospitals.be\/nl\/wp-json\/wp\/v2\/pages\/14907","targetHints":{"allow":["GET"]}}],"collection":[{"href":"https:\/\/hospitals.be\/nl\/wp-json\/wp\/v2\/pages"}],"about":[{"href":"https:\/\/hospitals.be\/nl\/wp-json\/wp\/v2\/types\/page"}],"author":[{"embeddable":true,"href":"https:\/\/hospitals.be\/nl\/wp-json\/wp\/v2\/users\/6"}],"replies":[{"embeddable":true,"href":"https:\/\/hospitals.be\/nl\/wp-json\/wp\/v2\/comments?post=14907"}],"version-history":[{"count":10,"href":"https:\/\/hospitals.be\/nl\/wp-json\/wp\/v2\/pages\/14907\/revisions"}],"predecessor-version":[{"id":97509,"href":"https:\/\/hospitals.be\/nl\/wp-json\/wp\/v2\/pages\/14907\/revisions\/97509"}],"wp:attachment":[{"href":"https:\/\/hospitals.be\/nl\/wp-json\/wp\/v2\/media?parent=14907"}],"curies":[{"name":"wp","href":"https:\/\/api.w.org\/{rel}","templated":true}]}}